{"id":5232,"date":"2023-02-28T16:46:27","date_gmt":"2023-02-28T16:46:27","guid":{"rendered":"https:\/\/www.jdjsa.com\/aplicacions-especials\/"},"modified":"2025-05-22T10:44:54","modified_gmt":"2025-05-22T10:44:54","slug":"aplicacions-especials","status":"publish","type":"page","link":"https:\/\/www.jdjsa.com\/ca\/aplicacions-especials\/","title":{"rendered":"Aplicacions especials"},"content":{"rendered":"\t\t<div data-elementor-type=\"wp-page\" data-elementor-id=\"5232\" class=\"elementor elementor-5232 elementor-3023\" data-elementor-post-type=\"page\">\n\t\t\t\t\t\t<section class=\"elementor-section elementor-top-section elementor-element elementor-element-0f4b6f1 elementor-section-boxed elementor-section-height-default elementor-section-height-default\" data-id=\"0f4b6f1\" data-element_type=\"section\" data-settings=\"{&quot;background_background&quot;:&quot;classic&quot;}\">\n\t\t\t\t\t\t<div class=\"elementor-container elementor-column-gap-default\">\n\t\t\t\t\t<div class=\"elementor-column elementor-col-100 elementor-top-column elementor-element elementor-element-ff165bf\" data-id=\"ff165bf\" data-element_type=\"column\">\n\t\t\t<div class=\"elementor-widget-wrap elementor-element-populated\">\n\t\t\t\t\t\t<section class=\"elementor-section elementor-inner-section elementor-element elementor-element-df160c5 elementor-section-boxed elementor-section-height-default elementor-section-height-default\" data-id=\"df160c5\" data-element_type=\"section\">\n\t\t\t\t\t\t<div class=\"elementor-container elementor-column-gap-default\">\n\t\t\t\t\t<div class=\"elementor-column elementor-col-100 elementor-inner-column elementor-element elementor-element-591b94f\" data-id=\"591b94f\" data-element_type=\"column\">\n\t\t\t<div class=\"elementor-widget-wrap elementor-element-populated\">\n\t\t\t\t\t\t<div class=\"elementor-element elementor-element-7328d5e elementor-widget elementor-widget-heading\" data-id=\"7328d5e\" data-element_type=\"widget\" data-widget_type=\"heading.default\">\n\t\t\t\t<div class=\"elementor-widget-container\">\n\t\t\t\t\t<h2 class=\"elementor-heading-title elementor-size-default\">Aplicacions especials<\/h2>\t\t\t\t<\/div>\n\t\t\t\t<\/div>\n\t\t\t\t<div class=\"elementor-element elementor-element-43f394d elementor-widget elementor-widget-text-editor\" data-id=\"43f394d\" data-element_type=\"widget\" data-widget_type=\"text-editor.default\">\n\t\t\t\t<div class=\"elementor-widget-container\">\n\t\t\t\t\t\t\t\t\t<p>Impressi\u00f3 serigr\u00e0fica de pantons concrets, colors fluorescents, metal\u00b7litzats, purpurines o ess\u00e8ncies.<\/p>\t\t\t\t\t\t\t\t<\/div>\n\t\t\t\t<\/div>\n\t\t\t\t\t<\/div>\n\t\t<\/div>\n\t\t\t\t\t<\/div>\n\t\t<\/section>\n\t\t\t\t<section class=\"elementor-section elementor-inner-section elementor-element elementor-element-9255d7a elementor-section-boxed elementor-section-height-default elementor-section-height-default\" data-id=\"9255d7a\" data-element_type=\"section\">\n\t\t\t\t\t\t<div class=\"elementor-container elementor-column-gap-default\">\n\t\t\t\t\t<div class=\"elementor-column elementor-col-33 elementor-inner-column elementor-element elementor-element-a3997b1\" data-id=\"a3997b1\" data-element_type=\"column\">\n\t\t\t<div class=\"elementor-widget-wrap elementor-element-populated\">\n\t\t\t\t\t\t<div class=\"elementor-element elementor-element-90d63ee elementor-widget elementor-widget-image\" data-id=\"90d63ee\" data-element_type=\"widget\" data-widget_type=\"image.default\">\n\t\t\t\t<div class=\"elementor-widget-container\">\n\t\t\t\t\t\t\t\t\t\t\t\t\t\t\t<img fetchpriority=\"high\" decoding=\"async\" width=\"280\" height=\"400\" src=\"https:\/\/www.jdjsa.com\/wp-content\/uploads\/2023\/02\/Aplicaciones_especiales-02-op.jpg\" class=\"attachment-large size-large wp-image-5233\" alt=\"\" srcset=\"https:\/\/www.jdjsa.com\/wp-content\/uploads\/2023\/02\/Aplicaciones_especiales-02-op.jpg 280w, https:\/\/www.jdjsa.com\/wp-content\/uploads\/2023\/02\/Aplicaciones_especiales-02-op-210x300.jpg 210w\" sizes=\"(max-width: 280px) 100vw, 280px\" \/>\t\t\t\t\t\t\t\t\t\t\t\t\t\t\t<\/div>\n\t\t\t\t<\/div>\n\t\t\t\t\t<\/div>\n\t\t<\/div>\n\t\t\t\t<div class=\"elementor-column elementor-col-33 elementor-inner-column elementor-element elementor-element-8b2b0bb\" data-id=\"8b2b0bb\" data-element_type=\"column\">\n\t\t\t<div class=\"elementor-widget-wrap elementor-element-populated\">\n\t\t\t\t\t\t<div class=\"elementor-element elementor-element-a2a11db elementor-widget elementor-widget-image\" data-id=\"a2a11db\" data-element_type=\"widget\" data-widget_type=\"image.default\">\n\t\t\t\t<div class=\"elementor-widget-container\">\n\t\t\t\t\t\t\t\t\t\t\t\t\t\t\t<img decoding=\"async\" width=\"442\" height=\"275\" src=\"https:\/\/www.jdjsa.com\/wp-content\/uploads\/2023\/02\/Aplicaciones_especiales-01.jpg\" class=\"attachment-large size-large wp-image-5252\" alt=\"\" srcset=\"https:\/\/www.jdjsa.com\/wp-content\/uploads\/2023\/02\/Aplicaciones_especiales-01.jpg 442w, https:\/\/www.jdjsa.com\/wp-content\/uploads\/2023\/02\/Aplicaciones_especiales-01-300x187.jpg 300w\" sizes=\"(max-width: 442px) 100vw, 442px\" \/>\t\t\t\t\t\t\t\t\t\t\t\t\t\t\t<\/div>\n\t\t\t\t<\/div>\n\t\t\t\t\t<\/div>\n\t\t<\/div>\n\t\t\t\t<div class=\"elementor-column elementor-col-33 elementor-inner-column elementor-element elementor-element-5ff88d0\" data-id=\"5ff88d0\" data-element_type=\"column\">\n\t\t\t<div class=\"elementor-widget-wrap elementor-element-populated\">\n\t\t\t\t\t\t<div class=\"elementor-element elementor-element-089c3b3 elementor-widget elementor-widget-image\" data-id=\"089c3b3\" data-element_type=\"widget\" data-widget_type=\"image.default\">\n\t\t\t\t<div class=\"elementor-widget-container\">\n\t\t\t\t\t\t\t\t\t\t\t\t\t\t\t<img decoding=\"async\" width=\"280\" height=\"400\" src=\"https:\/\/www.jdjsa.com\/wp-content\/uploads\/2023\/02\/mas-servicios.jpg\" class=\"attachment-large size-large wp-image-5116\" alt=\"\" srcset=\"https:\/\/www.jdjsa.com\/wp-content\/uploads\/2023\/02\/mas-servicios.jpg 280w, https:\/\/www.jdjsa.com\/wp-content\/uploads\/2023\/02\/mas-servicios-210x300.jpg 210w\" sizes=\"(max-width: 280px) 100vw, 280px\" \/>\t\t\t\t\t\t\t\t\t\t\t\t\t\t\t<\/div>\n\t\t\t\t<\/div>\n\t\t\t\t\t<\/div>\n\t\t<\/div>\n\t\t\t\t\t<\/div>\n\t\t<\/section>\n\t\t\t\t\t<\/div>\n\t\t<\/div>\n\t\t\t\t\t<\/div>\n\t\t<\/section>\n\t\t\t\t<\/div>\n\t\t","protected":false},"excerpt":{"rendered":"<p>Aplicacions especials Impressi\u00f3 serigr\u00e0fica de pantons concrets, colors fluorescents, metal\u00b7litzats, purpurines o ess\u00e8ncies.<\/p>\n","protected":false},"author":1,"featured_media":0,"parent":0,"menu_order":0,"comment_status":"closed","ping_status":"closed","template":"","meta":{"footnotes":""},"class_list":["post-5232","page","type-page","status-publish","hentry"],"yoast_head":"<!-- This site is optimized with the Yoast SEO plugin v25.1 - https:\/\/yoast.com\/wordpress\/plugins\/seo\/ -->\n<title>Aplicacions especials - JDJ S.A<\/title>\n<meta name=\"robots\" content=\"index, follow, max-snippet:-1, max-image-preview:large, max-video-preview:-1\" \/>\n<link rel=\"canonical\" href=\"https:\/\/www.jdjsa.com\/ca\/aplicacions-especials\/\" \/>\n<meta property=\"og:locale\" content=\"ca_ES\" \/>\n<meta property=\"og:type\" content=\"article\" \/>\n<meta property=\"og:title\" content=\"Aplicacions especials - JDJ S.A\" \/>\n<meta property=\"og:description\" content=\"Aplicacions especials Impressi\u00f3 serigr\u00e0fica de pantons concrets, colors fluorescents, metal\u00b7litzats, purpurines o ess\u00e8ncies.\" \/>\n<meta property=\"og:url\" content=\"https:\/\/www.jdjsa.com\/ca\/aplicacions-especials\/\" \/>\n<meta property=\"og:site_name\" content=\"JDJ S.A\" \/>\n<meta property=\"article:publisher\" content=\"https:\/\/www.facebook.com\/JDJSASerigrafos1\/?fref=ts\" \/>\n<meta property=\"article:modified_time\" content=\"2025-05-22T10:44:54+00:00\" \/>\n<meta property=\"og:image\" content=\"https:\/\/www.jdjsa.com\/wp-content\/uploads\/2023\/02\/Aplicaciones_especiales-02-op.jpg\" \/>\n\t<meta property=\"og:image:width\" content=\"280\" \/>\n\t<meta property=\"og:image:height\" content=\"400\" \/>\n\t<meta property=\"og:image:type\" content=\"image\/jpeg\" \/>\n<meta name=\"twitter:card\" content=\"summary_large_image\" \/>\n<meta name=\"twitter:site\" content=\"@JDJSASerigrafos\" \/>\n<script type=\"application\/ld+json\" class=\"yoast-schema-graph\">{\"@context\":\"https:\/\/schema.org\",\"@graph\":[{\"@type\":\"WebPage\",\"@id\":\"https:\/\/www.jdjsa.com\/ca\/aplicacions-especials\/\",\"url\":\"https:\/\/www.jdjsa.com\/ca\/aplicacions-especials\/\",\"name\":\"Aplicacions especials - JDJ S.A\",\"isPartOf\":{\"@id\":\"https:\/\/www.jdjsa.com\/#website\"},\"primaryImageOfPage\":{\"@id\":\"https:\/\/www.jdjsa.com\/ca\/aplicacions-especials\/#primaryimage\"},\"image\":{\"@id\":\"https:\/\/www.jdjsa.com\/ca\/aplicacions-especials\/#primaryimage\"},\"thumbnailUrl\":\"https:\/\/www.jdjsa.com\/wp-content\/uploads\/2023\/02\/Aplicaciones_especiales-02-op.jpg\",\"datePublished\":\"2023-02-28T16:46:27+00:00\",\"dateModified\":\"2025-05-22T10:44:54+00:00\",\"breadcrumb\":{\"@id\":\"https:\/\/www.jdjsa.com\/ca\/aplicacions-especials\/#breadcrumb\"},\"inLanguage\":\"ca\",\"potentialAction\":[{\"@type\":\"ReadAction\",\"target\":[\"https:\/\/www.jdjsa.com\/ca\/aplicacions-especials\/\"]}]},{\"@type\":\"ImageObject\",\"inLanguage\":\"ca\",\"@id\":\"https:\/\/www.jdjsa.com\/ca\/aplicacions-especials\/#primaryimage\",\"url\":\"https:\/\/www.jdjsa.com\/wp-content\/uploads\/2023\/02\/Aplicaciones_especiales-02-op.jpg\",\"contentUrl\":\"https:\/\/www.jdjsa.com\/wp-content\/uploads\/2023\/02\/Aplicaciones_especiales-02-op.jpg\"},{\"@type\":\"BreadcrumbList\",\"@id\":\"https:\/\/www.jdjsa.com\/ca\/aplicacions-especials\/#breadcrumb\",\"itemListElement\":[{\"@type\":\"ListItem\",\"position\":1,\"name\":\"Portada\",\"item\":\"https:\/\/www.jdjsa.com\/ca\/inici\/\"},{\"@type\":\"ListItem\",\"position\":2,\"name\":\"Aplicacions especials\"}]},{\"@type\":\"WebSite\",\"@id\":\"https:\/\/www.jdjsa.com\/#website\",\"url\":\"https:\/\/www.jdjsa.com\/\",\"name\":\"JDJ S.A\",\"description\":\"L\u00edderes en servicios de impresi\u00f3n desde 1974 ofreciendo servicios de serigraf\u00eda, offset e impresi\u00f3n digital\",\"publisher\":{\"@id\":\"https:\/\/www.jdjsa.com\/#organization\"},\"alternateName\":\"JDJ\",\"potentialAction\":[{\"@type\":\"SearchAction\",\"target\":{\"@type\":\"EntryPoint\",\"urlTemplate\":\"https:\/\/www.jdjsa.com\/?s={search_term_string}\"},\"query-input\":{\"@type\":\"PropertyValueSpecification\",\"valueRequired\":true,\"valueName\":\"search_term_string\"}}],\"inLanguage\":\"ca\"},{\"@type\":\"Organization\",\"@id\":\"https:\/\/www.jdjsa.com\/#organization\",\"name\":\"JDJ S.A\",\"alternateName\":\"JDJ\",\"url\":\"https:\/\/www.jdjsa.com\/\",\"logo\":{\"@type\":\"ImageObject\",\"inLanguage\":\"ca\",\"@id\":\"https:\/\/www.jdjsa.com\/#\/schema\/logo\/image\/\",\"url\":\"https:\/\/www.jdjsa.com\/wp-content\/uploads\/2022\/06\/cropped-jdj-logo.png\",\"contentUrl\":\"https:\/\/www.jdjsa.com\/wp-content\/uploads\/2022\/06\/cropped-jdj-logo.png\",\"width\":1300,\"height\":552,\"caption\":\"JDJ S.A\"},\"image\":{\"@id\":\"https:\/\/www.jdjsa.com\/#\/schema\/logo\/image\/\"},\"sameAs\":[\"https:\/\/www.facebook.com\/JDJSASerigrafos1\/?fref=ts\",\"https:\/\/x.com\/JDJSASerigrafos\",\"https:\/\/www.instagram.com\/jdj_sa\/\"]}]}<\/script>\n<!-- \/ Yoast SEO plugin. -->","yoast_head_json":{"title":"Aplicacions especials - JDJ S.A","robots":{"index":"index","follow":"follow","max-snippet":"max-snippet:-1","max-image-preview":"max-image-preview:large","max-video-preview":"max-video-preview:-1"},"canonical":"https:\/\/www.jdjsa.com\/ca\/aplicacions-especials\/","og_locale":"ca_ES","og_type":"article","og_title":"Aplicacions especials - JDJ S.A","og_description":"Aplicacions especials Impressi\u00f3 serigr\u00e0fica de pantons concrets, colors fluorescents, metal\u00b7litzats, purpurines o ess\u00e8ncies.","og_url":"https:\/\/www.jdjsa.com\/ca\/aplicacions-especials\/","og_site_name":"JDJ S.A","article_publisher":"https:\/\/www.facebook.com\/JDJSASerigrafos1\/?fref=ts","article_modified_time":"2025-05-22T10:44:54+00:00","og_image":[{"width":280,"height":400,"url":"https:\/\/www.jdjsa.com\/wp-content\/uploads\/2023\/02\/Aplicaciones_especiales-02-op.jpg","type":"image\/jpeg"}],"twitter_card":"summary_large_image","twitter_site":"@JDJSASerigrafos","schema":{"@context":"https:\/\/schema.org","@graph":[{"@type":"WebPage","@id":"https:\/\/www.jdjsa.com\/ca\/aplicacions-especials\/","url":"https:\/\/www.jdjsa.com\/ca\/aplicacions-especials\/","name":"Aplicacions especials - JDJ S.A","isPartOf":{"@id":"https:\/\/www.jdjsa.com\/#website"},"primaryImageOfPage":{"@id":"https:\/\/www.jdjsa.com\/ca\/aplicacions-especials\/#primaryimage"},"image":{"@id":"https:\/\/www.jdjsa.com\/ca\/aplicacions-especials\/#primaryimage"},"thumbnailUrl":"https:\/\/www.jdjsa.com\/wp-content\/uploads\/2023\/02\/Aplicaciones_especiales-02-op.jpg","datePublished":"2023-02-28T16:46:27+00:00","dateModified":"2025-05-22T10:44:54+00:00","breadcrumb":{"@id":"https:\/\/www.jdjsa.com\/ca\/aplicacions-especials\/#breadcrumb"},"inLanguage":"ca","potentialAction":[{"@type":"ReadAction","target":["https:\/\/www.jdjsa.com\/ca\/aplicacions-especials\/"]}]},{"@type":"ImageObject","inLanguage":"ca","@id":"https:\/\/www.jdjsa.com\/ca\/aplicacions-especials\/#primaryimage","url":"https:\/\/www.jdjsa.com\/wp-content\/uploads\/2023\/02\/Aplicaciones_especiales-02-op.jpg","contentUrl":"https:\/\/www.jdjsa.com\/wp-content\/uploads\/2023\/02\/Aplicaciones_especiales-02-op.jpg"},{"@type":"BreadcrumbList","@id":"https:\/\/www.jdjsa.com\/ca\/aplicacions-especials\/#breadcrumb","itemListElement":[{"@type":"ListItem","position":1,"name":"Portada","item":"https:\/\/www.jdjsa.com\/ca\/inici\/"},{"@type":"ListItem","position":2,"name":"Aplicacions especials"}]},{"@type":"WebSite","@id":"https:\/\/www.jdjsa.com\/#website","url":"https:\/\/www.jdjsa.com\/","name":"JDJ S.A","description":"L\u00edderes en servicios de impresi\u00f3n desde 1974 ofreciendo servicios de serigraf\u00eda, offset e impresi\u00f3n digital","publisher":{"@id":"https:\/\/www.jdjsa.com\/#organization"},"alternateName":"JDJ","potentialAction":[{"@type":"SearchAction","target":{"@type":"EntryPoint","urlTemplate":"https:\/\/www.jdjsa.com\/?s={search_term_string}"},"query-input":{"@type":"PropertyValueSpecification","valueRequired":true,"valueName":"search_term_string"}}],"inLanguage":"ca"},{"@type":"Organization","@id":"https:\/\/www.jdjsa.com\/#organization","name":"JDJ S.A","alternateName":"JDJ","url":"https:\/\/www.jdjsa.com\/","logo":{"@type":"ImageObject","inLanguage":"ca","@id":"https:\/\/www.jdjsa.com\/#\/schema\/logo\/image\/","url":"https:\/\/www.jdjsa.com\/wp-content\/uploads\/2022\/06\/cropped-jdj-logo.png","contentUrl":"https:\/\/www.jdjsa.com\/wp-content\/uploads\/2022\/06\/cropped-jdj-logo.png","width":1300,"height":552,"caption":"JDJ S.A"},"image":{"@id":"https:\/\/www.jdjsa.com\/#\/schema\/logo\/image\/"},"sameAs":["https:\/\/www.facebook.com\/JDJSASerigrafos1\/?fref=ts","https:\/\/x.com\/JDJSASerigrafos","https:\/\/www.instagram.com\/jdj_sa\/"]}]}},"_links":{"self":[{"href":"https:\/\/www.jdjsa.com\/ca\/wp-json\/wp\/v2\/pages\/5232","targetHints":{"allow":["GET"]}}],"collection":[{"href":"https:\/\/www.jdjsa.com\/ca\/wp-json\/wp\/v2\/pages"}],"about":[{"href":"https:\/\/www.jdjsa.com\/ca\/wp-json\/wp\/v2\/types\/page"}],"author":[{"embeddable":true,"href":"https:\/\/www.jdjsa.com\/ca\/wp-json\/wp\/v2\/users\/1"}],"replies":[{"embeddable":true,"href":"https:\/\/www.jdjsa.com\/ca\/wp-json\/wp\/v2\/comments?post=5232"}],"version-history":[{"count":1,"href":"https:\/\/www.jdjsa.com\/ca\/wp-json\/wp\/v2\/pages\/5232\/revisions"}],"predecessor-version":[{"id":5234,"href":"https:\/\/www.jdjsa.com\/ca\/wp-json\/wp\/v2\/pages\/5232\/revisions\/5234"}],"wp:attachment":[{"href":"https:\/\/www.jdjsa.com\/ca\/wp-json\/wp\/v2\/media?parent=5232"}],"curies":[{"name":"wp","href":"https:\/\/api.w.org\/{rel}","templated":true}]}}